{"id":420,"date":"2012-02-29T15:40:15","date_gmt":"2012-02-29T15:40:15","guid":{"rendered":"http:\/\/andreafranco.com.br\/blog\/?page_id=420"},"modified":"2012-05-31T21:41:04","modified_gmt":"2012-05-31T21:41:04","slug":"videos","status":"publish","type":"page","link":"https:\/\/andreafranco.com.br\/blog\/?page_id=420","title":{"rendered":"V\u00eddeos"},"content":{"rendered":"<h1><span style=\"color: #000000;\"><strong>N<\/strong><\/span><span style=\"font-size: 16px; color: #444444; line-height: 24px;\">esta se\u00e7\u00e3o voc\u00ea encontra reportagens e v\u00eddeos produzidos.<\/span><\/h1>\n<h1><span style=\"font-size: 16px; color: #444444; line-height: 24px;\">___________________________________________________<\/span><\/h1>\n<h2>Onde tem design?<\/h2>\n<ul>\n<li><a title=\"Onde tem design?_Ci\u00eancias Agr\u00e1rias\" href=\"http:\/\/andreafranco.com.br\/videos\/agrarias\">Ci\u00eancias Agr\u00e1rias<\/a><\/li>\n<li><a title=\"Onde tem design?_Ci\u00eancias Biolo\u00f3gicas\" href=\"http:\/\/andreafranco.com.br\/videos\/biologicas\">Ci\u00eancias Biol\u00f3gicas<\/a><\/li>\n<li><a title=\"Onde tem design?_Ci\u00eancias da Sa\u00fade\" href=\"http:\/\/andreafranco.com.br\/videos\/saude\">Ci\u00eancias da Sa\u00fade<\/a><\/li>\n<li><a title=\"Onde tem design?_Ci\u00eancias Exatas e da Terra\" href=\"http:\/\/andreafranco.com.br\/videos\/exatas_e_da_terra\">Ci\u00eancias Exatas e da Terra<\/a><\/li>\n<li><a title=\"Onde tem design?_Ci\u00eancias Humanas\" href=\"http:\/\/andreafranco.com.br\/videos\/humanas\">Ci\u00eancias Humanas<\/a><\/li>\n<li><a title=\"Onde tem design?_Ci\u00eancias Sociais Aplicadas\" href=\"http:\/\/andreafranco.com.br\/videos\/sociais_aplicadas\">Ci\u00eancias Sociais Aplicadas<\/a><\/li>\n<li><a title=\"Onde tem design?_Engenharias\" href=\"http:\/\/andreafranco.com.br\/videos\/engenharias\">Engenharias<\/a><\/li>\n<li><a title=\"Onde tem design?_Lingu\u00edstica, letras e artes\" href=\"http:\/\/andreafranco.com.br\/videos\/linguistica_letras_artes\">Lingu\u00edstica, letras e artes<\/a><\/li>\n<\/ul>\n<h1>___________________________________________________<\/h1>\n<h2>Entrevistas<\/h2>\n<ul>\n<li><a title=\"Design em alta_Entrevista Emprego &amp; Renda- TV Minas\" href=\"http:\/\/www.andreafranco.com.br\/videos\/entrevista_rede_minas\">Design em alta_ Entrevista Emprego &amp; Renda &#8211; TV Minas (Maio 2010)<\/a><\/li>\n<li><a title=\"Ecodesign_Entrevista Minas Faz Ci\u00eancia- FAPEMIG\" href=\"http:\/\/www.andreafranco.com.br\/videos\/entrevista_fapemig\">Ecodesign _\u00a0Entrevista Minas Faz Ci\u00eancia &#8211; FAPEMIG\u00a0(Janeiro 2012)<\/a><\/li>\n<\/ul>\n<p>&nbsp;<\/p>\n<p><span style=\"color: #000000;\"><strong><br \/>\n<\/strong><\/span><\/p>\n<p>&nbsp;<\/p>\n","protected":false},"excerpt":{"rendered":"<p>Nesta se\u00e7\u00e3o voc\u00ea encontra reportagens e v\u00eddeos produzidos. ___________________________________________________ Onde tem design? Ci\u00eancias Agr\u00e1rias Ci\u00eancias Biol\u00f3gicas Ci\u00eancias da Sa\u00fade Ci\u00eancias Exatas e da Terra Ci\u00eancias Humanas Ci\u00eancias Sociais Aplicadas Engenharias Lingu\u00edstica, letras e artes ___________________________________________________ Entrevistas Design em alta_ Entrevista &hellip; <a href=\"https:\/\/andreafranco.com.br\/blog\/?page_id=420\">Continuar a ler <span class=\"meta-nav\">&rarr;<\/span><\/a><\/p>\n","protected":false},"author":1,"featured_media":0,"parent":0,"menu_order":0,"comment_status":"closed","ping_status":"closed","template":"","meta":[],"_links":{"self":[{"href":"https:\/\/andreafranco.com.br\/blog\/index.php?rest_route=\/wp\/v2\/pages\/420"}],"collection":[{"href":"https:\/\/andreafranco.com.br\/blog\/index.php?rest_route=\/wp\/v2\/pages"}],"about":[{"href":"https:\/\/andreafranco.com.br\/blog\/index.php?rest_route=\/wp\/v2\/types\/page"}],"author":[{"embeddable":true,"href":"https:\/\/andreafranco.com.br\/blog\/index.php?rest_route=\/wp\/v2\/users\/1"}],"replies":[{"embeddable":true,"href":"https:\/\/andreafranco.com.br\/blog\/index.php?rest_route=%2Fwp%2Fv2%2Fcomments&post=420"}],"version-history":[{"count":17,"href":"https:\/\/andreafranco.com.br\/blog\/index.php?rest_route=\/wp\/v2\/pages\/420\/revisions"}],"predecessor-version":[{"id":565,"href":"https:\/\/andreafranco.com.br\/blog\/index.php?rest_route=\/wp\/v2\/pages\/420\/revisions\/565"}],"wp:attachment":[{"href":"https:\/\/andreafranco.com.br\/blog\/index.php?rest_route=%2Fwp%2Fv2%2Fmedia&parent=420"}],"curies":[{"name":"wp","href":"https:\/\/api.w.org\/{rel}","templated":true}]}}