{"id":418,"date":"2012-02-29T15:40:06","date_gmt":"2012-02-29T15:40:06","guid":{"rendered":"http:\/\/andreafranco.com.br\/blog\/?page_id=418"},"modified":"2012-05-23T18:26:34","modified_gmt":"2012-05-23T18:26:34","slug":"e-books-2","status":"publish","type":"page","link":"https:\/\/andreafranco.com.br\/blog\/?page_id=418","title":{"rendered":"E-books"},"content":{"rendered":"<h1><strong>N<\/strong><span style=\"font-size: 16px; color: #444444; line-height: 24px;\">esta se\u00e7\u00e3o voc\u00ea encontra os E-books e apostilas dispon\u00edveis para consulta online.<\/span><\/h1>\n<p>_________________________________________________________________<\/p>\n<h2>Ecodesign- Meio Ambiente e Sustentabilidade<\/h2>\n<p><a title=\"Ecodesign_Capitulo_01\" href=\"http:\/\/www.andreafranco.com.br\/ecodesign_cap_01\">Cap\u00edtulo 01- Princ\u00edpios de preserva\u00e7\u00e3o da natureza<\/a><\/p>\n<p><a title=\"Ecodesign_Capitulo_02\" href=\"http:\/\/www.andreafranco.com.br\/ecodesign_cap_02\">Cap\u00edtulo 02- Meio ambiente e qualidade de vida<\/a><\/p>\n<p><a title=\"Ecodesign_Cap\u00edtulo_03\" href=\"http:\/\/andreafranco.com.br\/ecodesign_cap_03\/\">Cap\u00edtulo 03- Setor produtivo e fatores de impacto<\/a><\/p>\n<p><a title=\"Ecodesign_Capitulo_04\" href=\"http:\/\/andreafranco.com.br\/ecodesign_cap_04\/\">Cap\u00edtulo 04- Sustentabilidade &#8211; Planejamento e estrat\u00e9gias<\/a><\/p>\n<p><a title=\"Ecodesign_Capitulo_05\" href=\"http:\/\/andreafranco.com.br\/ecodesign_cap_05\/\">Cap\u00edtulo 05- Ecodesign- M\u00e9todos e ferramentas<\/a><\/p>\n<p><a title=\"Ecodesign - Cap\u00edtulo 06\" href=\"http:\/\/andreafranco.com.br\/ecodesign_cap_06\/\">Cap\u00edtulo 06- Ecodesign: abordagens globais, s\u00f3cio-ambientais<\/a><\/p>\n<p><a title=\"Ecodesign_Cap\u00edtulo_07\" href=\"http:\/\/andreafranco.com.br\/ecodesign_cap_07\/\">Cap\u00edtulo 07- ISO 14.040 &#8211; ACV: An\u00e1lise do Ciclo de Vida<\/a><\/p>\n<h2>_________________________________________________________________<\/h2>\n<h2>Metodologia do Design<\/h2>\n<p><a title=\"Apostila Metodologia do Design\" href=\"http:\/\/andreafranco.com.br\/tau050\/\">Apostila da disciplina TAU 050<\/a><\/p>\n<h2>_________________________________________________________________<\/h2>\n<h2>No\u00e7\u00f5es de Design<\/h2>\n<p><a title=\"Capitulo 01\" href=\"http:\/\/andreafranco.com.br\/uni015_capitulo_01\" target=\"_blank\">Cap\u00edtulo 01- Princ\u00edpios da profiss\u00e3o<\/a><\/p>\n<p><a title=\"Cap\u00edtulo 02\" href=\"http:\/\/andreafranco.com.br\/uni015_capitulo_02\" target=\"_blank\">Cap\u00edtulo 02- Design e interdisciplinaridade<\/a><\/p>\n<p><a title=\"Cap\u00edtulo 03\" href=\"http:\/\/andreafranco.com.br\/uni015_capitulo_03\" target=\"_blank\">Cap\u00edtulo 03- Panorama hist\u00f3rico do design<\/a><\/p>\n<p><a title=\"Cap\u00edtulo 04\" href=\"http:\/\/andreafranco.com.br\/uni015_capitulo_04\" target=\"_blank\">Cap\u00edtulo 04- Design no Brasil<\/a><\/p>\n<p><a title=\"Cap\u00edtulo 5\" href=\"http:\/\/andreafranco.com.br\/uni015_capitulo_05\" target=\"_blank\">Cap\u00edtulo 05- Ecodesign e sustentabilidade<\/a><\/p>\n<p>&nbsp;<\/p>\n","protected":false},"excerpt":{"rendered":"<p>Nesta se\u00e7\u00e3o voc\u00ea encontra os E-books e apostilas dispon\u00edveis para consulta online. _________________________________________________________________ Ecodesign- Meio Ambiente e Sustentabilidade Cap\u00edtulo 01- Princ\u00edpios de preserva\u00e7\u00e3o da natureza Cap\u00edtulo 02- Meio ambiente e qualidade de vida Cap\u00edtulo 03- Setor produtivo e fatores de &hellip; <a href=\"https:\/\/andreafranco.com.br\/blog\/?page_id=418\">Continuar a ler <span class=\"meta-nav\">&rarr;<\/span><\/a><\/p>\n","protected":false},"author":1,"featured_media":0,"parent":0,"menu_order":0,"comment_status":"closed","ping_status":"closed","template":"","meta":[],"_links":{"self":[{"href":"https:\/\/andreafranco.com.br\/blog\/index.php?rest_route=\/wp\/v2\/pages\/418"}],"collection":[{"href":"https:\/\/andreafranco.com.br\/blog\/index.php?rest_route=\/wp\/v2\/pages"}],"about":[{"href":"https:\/\/andreafranco.com.br\/blog\/index.php?rest_route=\/wp\/v2\/types\/page"}],"author":[{"embeddable":true,"href":"https:\/\/andreafranco.com.br\/blog\/index.php?rest_route=\/wp\/v2\/users\/1"}],"replies":[{"embeddable":true,"href":"https:\/\/andreafranco.com.br\/blog\/index.php?rest_route=%2Fwp%2Fv2%2Fcomments&post=418"}],"version-history":[{"count":23,"href":"https:\/\/andreafranco.com.br\/blog\/index.php?rest_route=\/wp\/v2\/pages\/418\/revisions"}],"predecessor-version":[{"id":564,"href":"https:\/\/andreafranco.com.br\/blog\/index.php?rest_route=\/wp\/v2\/pages\/418\/revisions\/564"}],"wp:attachment":[{"href":"https:\/\/andreafranco.com.br\/blog\/index.php?rest_route=%2Fwp%2Fv2%2Fmedia&parent=418"}],"curies":[{"name":"wp","href":"https:\/\/api.w.org\/{rel}","templated":true}]}}