{"id":390,"date":"2012-02-29T15:02:11","date_gmt":"2012-02-29T15:02:11","guid":{"rendered":"http:\/\/andreafranco.com.br\/blog\/?page_id=390"},"modified":"2012-03-28T20:50:45","modified_gmt":"2012-03-28T20:50:45","slug":"artigos-cientificos","status":"publish","type":"page","link":"https:\/\/andreafranco.com.br\/blog\/?page_id=390","title":{"rendered":"Artigos cient\u00edficos"},"content":{"rendered":"<h1><span style=\"color: #000000;\"><strong>N<\/strong><\/span><span style=\"font-size: 16px; color: #444444; line-height: 24px;\">esta se\u00e7\u00e3o voc\u00ea encontra os artigos publicados dispon\u00edveis para download.<\/span><\/h1>\n<p>&nbsp;<\/p>\n<p><strong><span style=\"color: #339966; font-size: 23px; line-height: 35px;\"><span style=\"font-size: 23px; line-height: 35px;\">2006<\/span><\/span><\/strong><\/p>\n<p><strong><span style=\"font-size: 16px; font-family: Georgia, 'Bitstream Charter', serif; line-height: 24px;\">Encontro Brasileiro de Madeira e em Estrutura de Madeira:<\/span><\/strong><span style=\"font-size: small;\"><span style=\"line-height: 24px;\"><br \/>\n<\/span><\/span><\/p>\n<ul>\n<li>Mecanismos para agrega\u00e7\u00e3o de valor aos produtos desenvolvidos no arranjo produtivo local moveleiro do Vale do Jequitinhonha_ (<a href=\"http:\/\/andreafranco.com.br\/blog\/wp-content\/uploads\/2006_enbramem.pdf\">pdf<\/a>)<\/li>\n<\/ul>\n<p><strong><span style=\"font-size: 16px; font-family: Georgia, 'Bitstream Charter', serif; line-height: 24px;\">7\u00baP&amp;D Design (Curitiba)<\/span><\/strong><\/p>\n<ul>\n<li>A \u00a0import\u00e2ncia da intera\u00e7\u00e3o entre Design e Engenharia para a certifica\u00e7\u00e3o de produtos moveleiros_ \u00a0Projeto PR\u00d3-UB\u00c1 (<a href=\"http:\/\/andreafranco.com.br\/blog\/wp-content\/uploads\/2006_ped_a.pdf\">pdf<\/a>)<\/li>\n<\/ul>\n<ul>\n<li>Compreens\u00e3o do Contexto e Realidade de Empresas do Setor Moveleiro de Uberaba-MG para Estrutura\u00e7\u00e3o da Interven\u00e7\u00e3o em Design_ (<a href=\"http:\/\/andreafranco.com.br\/blog\/wp-content\/uploads\/2006_ped_g.pdf\">pdf<\/a>)<\/li>\n<\/ul>\n<ul>\n<li>Documenta\u00e7\u00e3o T\u00e9cnica no Setor Moveleiro: a necessidade de informa\u00e7\u00e3o e a transfer\u00eancia de conhecimentos_ (<a href=\"http:\/\/andreafranco.com.br\/blog\/wp-content\/uploads\/2006_ped_c.pdf\">pdf<\/a>)<\/li>\n<\/ul>\n<ul>\n<li><strong> <\/strong>Impacto da Metodologia de Projeto de Produto na Qualidade dos M\u00f3veis das Empresas Participantes do Projeto Pr\u00f3-Ub\u00e1_(<a href=\"http:\/\/andreafranco.com.br\/blog\/wp-content\/uploads\/2006_ped_e.pdf\">pdf<\/a>)<\/li>\n<\/ul>\n<ul>\n<li>M\u00e9todo Elo\u00ae &#8211; sistematiza\u00e7\u00e3o, padroniza\u00e7\u00e3o e registro das informa\u00e7\u00f5es em design de produto_ \u00a0<em>(<\/em><a href=\"http:\/\/andreafranco.com.br\/blog\/wp-content\/uploads\/2006_ped_i1.pdf\">pdf<\/a>)<\/li>\n<\/ul>\n<ul>\n<li>Metodologia de projeto de produto e os fatores normaliza\u00e7\u00e3o e certifica\u00e7\u00e3o: Aplica\u00e7\u00e3o em f\u00e1brica de estofados_ (<a href=\"http:\/\/andreafranco.com.br\/blog\/wp-content\/uploads\/2006_ped_f.pdf\">pdf<\/a>)<\/li>\n<\/ul>\n<ul>\n<li>Observa\u00e7\u00e3o dos Elementos Ergon\u00f4micos e An\u00e1lise em Empresas do Setor Moveleiro_ (<a href=\"http:\/\/andreafranco.com.br\/blog\/wp-content\/uploads\/2006_ped_d1.pdf\">pdf<\/a>)<\/li>\n<\/ul>\n<ul>\n<li>Prospec\u00e7\u00e3o e Diagn\u00f3stico como subs\u00eddio para interven\u00e7\u00e3o em Empresas do Setor Moveleiro de Ub\u00e1-MG_ (<a href=\"http:\/\/andreafranco.com.br\/blog\/wp-content\/uploads\/2006_ped_b.pdf\">pdf<\/a>)<\/li>\n<\/ul>\n<ul>\n<li>Sistema de Gest\u00e3o Integrada de Desenvolvimento de Produto para APL &#8211; Arranjo Produtivo Local_(<a href=\"http:\/\/andreafranco.com.br\/blog\/wp-content\/uploads\/2006_ped_h.pdf\">pdf<\/a>)<\/li>\n<\/ul>\n<h1><span style=\"font-size: small;\"><span style=\"line-height: 24px;\"><strong><span style=\"color: #444444;\"> <\/span><\/strong><\/span><\/span><\/h1>\n<h1><span style=\"font-size: small;\"><span style=\"line-height: 24px;\"><strong><span style=\"color: #444444;\"> <\/span><\/strong><\/span><\/span><\/h1>\n<h1><span style=\"font-size: small;\"><span style=\"line-height: 24px;\"><strong><span style=\"color: #444444;\"> <\/span><\/strong><\/span><\/span><\/h1>\n<h1><span style=\"font-size: small;\"><span style=\"line-height: 24px;\"><strong><span style=\"color: #444444;\"> <\/span><\/strong><\/span><\/span><\/h1>\n<h1><span style=\"font-size: small;\"><span style=\"line-height: 24px;\"><strong><span style=\"color: #444444;\"> <\/span><\/strong><\/span><\/span><\/h1>\n<h1><span style=\"font-size: small;\"><span style=\"line-height: 24px;\"><strong><span style=\"color: #444444;\"> <\/span><\/strong><\/span><\/span><\/h1>\n<h1><span style=\"font-size: small;\"><span style=\"line-height: 24px;\"><strong><span style=\"color: #444444;\"> <\/span><\/strong><\/span><\/span><\/h1>\n<h1><span style=\"font-size: small;\"><span style=\"line-height: 24px;\"><strong><span style=\"color: #444444;\"> <\/span><\/strong><\/span><\/span><\/h1>\n<h1><span style=\"font-size: small;\"><span style=\"line-height: 24px;\"><strong><span style=\"color: #444444;\"> <\/span><\/strong><\/span><\/span><\/h1>\n<h2><span style=\"color: #339966;\"><strong>2005<\/strong><\/span><\/h2>\n<h2><span style=\"color: #339966;\"><strong> <\/strong><\/span><strong><span style=\"font-size: 16px; color: #444444; line-height: 24px;\">III MADETEC (Vit\u00f3ria):<\/span><\/strong><\/h2>\n<ul>\n<li>Ecodesign: a nova ordem da ind\u00fastria moveleira. Desafios e limites de projeto_ (<a href=\"http:\/\/andreafranco.com.br\/blog\/wp-content\/uploads\/2005_madetec.pdf\">pdf<\/a>)<\/li>\n<\/ul>\n<p><strong><span style=\"font-size: 16px; font-family: Georgia, 'Bitstream Charter', serif; line-height: 24px;\">IV- ENTAU (Belo Horizonte)\u00a0:<\/span><\/strong><\/p>\n<ul>\n<li>Concep\u00e7\u00e3o de Produto em Arquitetura &amp; Design Atrav\u00e9s de Um Estudo Prospectivo_ (<a href=\"http:\/\/andreafranco.com.br\/blog\/wp-content\/uploads\/2005_entau_a.pdf\">pdf<\/a>)<\/li>\n<\/ul>\n<ul>\n<li><strong> <\/strong>Interdisciplinaridade e Transfer\u00eancia de Conhecimento Para o Setor Moveleiro: Projeto Pr\u00f3-Ub\u00e1 _ (<a href=\"http:\/\/andreafranco.com.br\/blog\/wp-content\/uploads\/2005_entau_b.pdf\">pdf<\/a>)<\/li>\n<\/ul>\n<ul>\n<li>Prospec\u00e7\u00e3o e Diagn\u00f3stico nas Empresas do Projeto Pr\u00f3-Ub\u00e1 _ (<a href=\"http:\/\/andreafranco.com.br\/blog\/wp-content\/uploads\/2005_entau_c.pdf\">pdf<\/a>)<\/li>\n<\/ul>\n<p><strong><span style=\"font-size: 16px; font-family: Georgia, 'Bitstream Charter', serif; line-height: 24px;\">V CBGDP (Paran\u00e1):<\/span><\/strong><\/p>\n<ul>\n<li>Uma experi\u00eancia para aprendizado em desenvolvimento de produtos em um cen\u00e1rio de limita\u00e7\u00e3o tecnol\u00f3gica (<a href=\"http:\/\/andreafranco.com.br\/blog\/wp-content\/uploads\/2005_cbgdp.pdf\">pdf<\/a>)<\/li>\n<\/ul>\n<p><strong><span style=\"font-size: 16px; font-family: Georgia, 'Bitstream Charter', serif; line-height: 24px;\">XXV ENEGEP (Porto Alegre):<\/span><\/strong><\/p>\n<ul>\n<li>Gest\u00e3o da Din\u00e2mica do Conhecimento como uma refer\u00eancia para atua\u00e7\u00e3o junto a micro e pequenas empresas: o setor moveleiro do Vale do Jequitinhonha-MG_ (<a href=\"http:\/\/andreafranco.com.br\/blog\/wp-content\/uploads\/2005_enegep.pdf\">pdf<\/a>)<\/li>\n<\/ul>\n<p>&nbsp;<\/p>\n<h2><span style=\"color: #339966;\"><strong>2004<\/strong><\/span><\/h2>\n<p><strong><span style=\"font-size: 16px; font-family: Georgia, 'Bitstream Charter', serif; line-height: 24px;\">6\u00ba Congresso Brasileiro de Pesquisa em Design :<\/span><\/strong><\/p>\n<ul>\n<li><strong> <\/strong>Design, informa\u00e7\u00e3o e inclus\u00e3o social no p\u00f3lo moveleiro do Vale do Jequitinhonha: Projeto HAVALOR_ (<a href=\"http:\/\/andreafranco.com.br\/blog\/wp-content\/uploads\/2004_ped.pdf\">pdf<\/a>)<\/li>\n<\/ul>\n<p><strong><span style=\"font-size: 16px; font-family: Georgia, 'Bitstream Charter', serif; line-height: 24px;\">Congresso- ABIPTI:<\/span><\/strong><\/p>\n<ul>\n<li>Inclus\u00e3o Social pela Certifica\u00e7\u00e3o de Produtos: Estrutura\u00e7\u00e3o da Funda\u00e7\u00e3o Instituto Xilon_ (<a href=\"http:\/\/andreafranco.com.br\/blog\/wp-content\/uploads\/2004_abipti.pdf\">pdf<\/a>)<\/li>\n<\/ul>\n<p><strong><span style=\"font-size: 16px; font-family: Georgia, 'Bitstream Charter', serif; line-height: 24px;\">IX Encontro Brasileiro em Madeiras e em Estruturas de Madeira (Cuiab\u00e1) :<\/span><\/strong><\/p>\n<ul>\n<li>Certifica\u00e7\u00e3o de Produtos Madeireiros_ (<a href=\"http:\/\/andreafranco.com.br\/blog\/wp-content\/uploads\/2004_enbramem.pdf\">pdf<\/a>)<\/li>\n<\/ul>\n<p><strong><span style=\"font-size: 16px; font-family: Georgia, 'Bitstream Charter', serif; line-height: 24px;\">XIII- ABERGO (Fortaleza): <\/span><\/strong><\/p>\n<ul>\n<li>An\u00e1lise Sensorial e de Conforto como Refer\u00eancia para a Certifica\u00e7\u00e3o e a Valoriza\u00e7\u00e3o do Produto _ (<a href=\"http:\/\/andreafranco.com.br\/blog\/wp-content\/uploads\/2004_abergo.pdf\">pdf<\/a>)<\/li>\n<\/ul>\n<h2><span style=\"color: #339966;\"><strong>2003<\/strong><\/span><\/h2>\n<p><strong><span style=\"font-size: 16px; font-family: Georgia, 'Bitstream Charter', serif; line-height: 24px;\">Revista Estudos em Design(Rio de Janeiro):<\/span><\/strong><\/p>\n<ul>\n<li>Da Sustentabilidade Ambiental e da Complexidade Sist\u00eamica no Design Industrial de Produtos(<a href=\"http:\/\/andreafranco.com.br\/blog\/wp-content\/uploads\/2003_estudos_em_design.pdf\">pdf<\/a>)<\/li>\n<\/ul>\n<p><strong><span style=\"font-size: 16px; font-family: Georgia, 'Bitstream Charter', serif; line-height: 24px;\">II MADETEC (Belo Horizonte):<\/span><\/strong><\/p>\n<ul>\n<li>Ecodesign &#8211; A Nova Ordem da Ind\u00fastria Moveleira (<a href=\"http:\/\/andreafranco.com.br\/blog\/wp-content\/uploads\/2003_madetec.pdf\">pdf<\/a>)<\/li>\n<\/ul>\n<p><strong><span style=\"font-size: 16px; font-family: Georgia, 'Bitstream Charter', serif; line-height: 24px;\">8\u00ba Congresso Florestal Brasileiro (S\u00e3o Paulo):<\/span><\/strong><\/p>\n<ul>\n<li>Uso do Eucalipto na Ind\u00fastria Moveleira: Agrega\u00e7\u00e3o de Valor Sob a \u00d3tica da Sustentabilidade no Vale do Jequitinhonha (<a href=\"http:\/\/andreafranco.com.br\/blog\/wp-content\/uploads\/2003_congresso_florestal.pdf\">pdf<\/a>)<\/li>\n<\/ul>\n<p><span style=\"color: #339966; font-size: 23px; line-height: 35px;\"><strong>2002<\/strong><\/span><\/p>\n<h2><span style=\"color: #339966;\"><strong> <\/strong><\/span><strong><span style=\"font-size: 16px; color: #444444; line-height: 24px;\">1\u00ba Congresso Internacional de Pesquisa em Design\/ 5\u00ba Congresso Brasileiro de Pesquisa e Desenvolvimento em Design (Bras\u00edlia):<\/span><\/strong><\/h2>\n<ul>\n<li>Complexidade informacional nos processos de explora\u00e7\u00e3o, preserva\u00e7\u00e3o, uso e valoriza\u00e7\u00e3o das diversas esp\u00e9cies de madeiras da Amaz\u00f4nia (<a href=\"http:\/\/andreafranco.com.br\/blog\/wp-content\/uploads\/2002_ped_a.pdf\">pdf<\/a>)<\/li>\n<\/ul>\n<ul>\n<li>Design pr\u00e9-reciclagem e p\u00f3s-reciclagem: contribui\u00e7\u00e3o \u00e0 discuss\u00e3o do problema do lixo urbano de embalagens, levando em conta a complexidade sist\u00eamica da coleta e triagem (<a href=\"http:\/\/andreafranco.com.br\/blog\/wp-content\/uploads\/2002_ped_b.pdf\">pdf<\/a>)<\/li>\n<\/ul>\n<p><strong><span style=\"font-size: 16px; font-family: Georgia, 'Bitstream Charter', serif; line-height: 24px;\">SEMIN\u00c1RIO INTERNACIONAL &#8220;DESIGN: PESQUISAS E P\u00d3S-GRADUA\u00c7\u00c3O. PERSPECTIVAS DO ENSINO E DA PESQUISA EM DESIGN NA P\u00d3S-GRADUA\u00c7\u00c3O&#8221; (S\u00e3o Paulo):<\/span><\/strong><\/p>\n<ul>\n<li>Aplica\u00e7\u00e3o das No\u00e7\u00f5es do Desenvolvimento Sustent\u00e1vel, do Meio Ambiente e da Sist\u00eamica ao Design Industrial de Produtos: Uma Abordagem de &#8220;Macrodesign&#8221; (<a href=\"http:\/\/andreafranco.com.br\/blog\/wp-content\/uploads\/2002_fau_usp.pdf\">pdf<\/a>)<\/li>\n<\/ul>\n<h2><span style=\"color: #339966;\"><strong>2001<\/strong><\/span><\/h2>\n<h2><span style=\"color: #339966;\"><strong>2000<\/strong><\/span><\/h2>\n<h2><span style=\"color: #339966;\"><strong> <\/strong><\/span><strong><span style=\"font-size: 16px; color: #444444; line-height: 24px;\">DESIGN PLUS RESEARCH SYMPOSIUM (Mil\u00e3o):<\/span><\/strong><\/h2>\n<ul>\n<li>Design and environment: taking into account the interaction between the social actors. The case of domestic packaging (<a href=\"http:\/\/andreafranco.com.br\/blog\/wp-content\/uploads\/2000_design_plus_research.pdf\">pdf<\/a>)<\/li>\n<\/ul>\n<h2><span style=\"color: #339966;\"><strong>1999<\/strong><\/span><\/h2>\n<h2><span style=\"color: #339966;\"><strong> <\/strong><\/span><strong><span style=\"font-size: 16px; color: #444444; line-height: 24px;\">ECODESIGN&#8217;99- \u00a0FIRST INTERNATIONAL SYMPOSIUM ON ENVIRONMENTALLY CONSCIOUS DESIGN AND INVERSE MANUFACTURING (T\u00f3quio) :<\/span><\/strong><\/h2>\n<ul>\n<li>Packaging: Function, Re-function and Malfunction. From Consumer Society to the Homeless Material Culture (<a href=\"http:\/\/andreafranco.com.br\/blog\/wp-content\/uploads\/1999_eco_design_99.pdf\">pdf<\/a>)<\/li>\n<\/ul>\n<p>&nbsp;<\/p>\n<ul><a> <\/a><\/ul>\n","protected":false},"excerpt":{"rendered":"<p>Nesta se\u00e7\u00e3o voc\u00ea encontra os artigos publicados dispon\u00edveis para download. &nbsp; 2006 Encontro Brasileiro de Madeira e em Estrutura de Madeira: Mecanismos para agrega\u00e7\u00e3o de valor aos produtos desenvolvidos no arranjo produtivo local moveleiro do Vale do Jequitinhonha_ (pdf) 7\u00baP&amp;D &hellip; <a href=\"https:\/\/andreafranco.com.br\/blog\/?page_id=390\">Continuar a ler <span class=\"meta-nav\">&rarr;<\/span><\/a><\/p>\n","protected":false},"author":1,"featured_media":0,"parent":0,"menu_order":0,"comment_status":"closed","ping_status":"closed","template":"","meta":[],"_links":{"self":[{"href":"https:\/\/andreafranco.com.br\/blog\/index.php?rest_route=\/wp\/v2\/pages\/390"}],"collection":[{"href":"https:\/\/andreafranco.com.br\/blog\/index.php?rest_route=\/wp\/v2\/pages"}],"about":[{"href":"https:\/\/andreafranco.com.br\/blog\/index.php?rest_route=\/wp\/v2\/types\/page"}],"author":[{"embeddable":true,"href":"https:\/\/andreafranco.com.br\/blog\/index.php?rest_route=\/wp\/v2\/users\/1"}],"replies":[{"embeddable":true,"href":"https:\/\/andreafranco.com.br\/blog\/index.php?rest_route=%2Fwp%2Fv2%2Fcomments&post=390"}],"version-history":[{"count":93,"href":"https:\/\/andreafranco.com.br\/blog\/index.php?rest_route=\/wp\/v2\/pages\/390\/revisions"}],"predecessor-version":[{"id":396,"href":"https:\/\/andreafranco.com.br\/blog\/index.php?rest_route=\/wp\/v2\/pages\/390\/revisions\/396"}],"wp:attachment":[{"href":"https:\/\/andreafranco.com.br\/blog\/index.php?rest_route=%2Fwp%2Fv2%2Fmedia&parent=390"}],"curies":[{"name":"wp","href":"https:\/\/api.w.org\/{rel}","templated":true}]}}